{"id":12947,"date":"2023-08-12T17:17:00","date_gmt":"2023-08-12T15:17:00","guid":{"rendered":"https:\/\/www.anneliesgeorge.com\/her-books\/nice-doing-business\/"},"modified":"2025-01-05T12:46:37","modified_gmt":"2025-01-05T11:46:37","slug":"nice-doing-business","status":"publish","type":"page","link":"https:\/\/www.anneliesgeorge.com\/nl\/her-books\/nice-doing-business\/","title":{"rendered":"Nice Doing Business"},"content":{"rendered":"<!--themify_builder_content-->\n<div id=\"themify_builder_content-12947\" data-postid=\"12947\" class=\"themify_builder_content themify_builder_content-12947 themify_builder tf_clear\">\n                    <div  data-lazy=\"1\" class=\"module_row themify_builder_row tb_pd2k224 tb_first tf_w\">\n                        <div class=\"row_inner col_align_middle tb_col_count_2 tf_box tf_rel\">\n                        <div  data-lazy=\"1\" class=\"module_column tb-column col4-2 tb_lxg2224 first\">\n                    <!-- module image -->\n<div  class=\"module module-image tb_wy4d224 image-center   tf_mw\" data-lazy=\"1\" data-parallax-element-speed=\"3\" data-lax-translate-y=\"vh 1,0 -180\" data-lax=\"true\">\n        <div class=\"image-wrap tf_rel tf_mw\">\n                \n        <\/div>\n    <!-- \/image-wrap -->\n    \n        <\/div>\n<!-- \/module image --><!-- module image -->\n<div  class=\"module module-image tb_r4lc927 image-top   tf_mw\" data-lazy=\"1\">\n        <div class=\"image-wrap tf_rel tf_mw\">\n            <img loading=\"lazy\" decoding=\"async\" width=\"1707\" height=\"2560\" src=\"https:\/\/www.anneliesgeorge.com\/wp-content\/uploads\/2023\/08\/20230721_Annelies-0457.jpg\" class=\"wp-post-image wp-image-12775\" title=\"20230721_Annelies-0457\" alt=\"20230721_Annelies-0457\" srcset=\"https:\/\/www.anneliesgeorge.com\/wp-content\/uploads\/2023\/08\/20230721_Annelies-0457.jpg 1707w, https:\/\/www.anneliesgeorge.com\/wp-content\/uploads\/2023\/08\/20230721_Annelies-0457-200x300.jpg 200w, https:\/\/www.anneliesgeorge.com\/wp-content\/uploads\/2023\/08\/20230721_Annelies-0457-683x1024.jpg 683w, https:\/\/www.anneliesgeorge.com\/wp-content\/uploads\/2023\/08\/20230721_Annelies-0457-768x1152.jpg 768w, https:\/\/www.anneliesgeorge.com\/wp-content\/uploads\/2023\/08\/20230721_Annelies-0457-1024x1536.jpg 1024w, https:\/\/www.anneliesgeorge.com\/wp-content\/uploads\/2023\/08\/20230721_Annelies-0457-1366x2048.jpg 1366w\" sizes=\"auto, (max-width: 1707px) 100vw, 1707px\" \/>    \n        <\/div>\n    <!-- \/image-wrap -->\n    \n        <\/div>\n<!-- \/module image -->        <\/div>\n                    <div  data-lazy=\"1\" class=\"module_column tb-column col4-2 tb_vu8s224 last\">\n                    <!-- module text -->\n<div  class=\"module module-text tb_21jb224   \" data-lazy=\"1\" data-parallax-element-speed=\"2\" data-lax-translate-y=\"vh 1,0 -140\" data-lax=\"true\">\n        <div  class=\"tb_text_wrap\">\n        <h2>Eindelijk is het zover!<\/h2>    <\/div>\n<\/div>\n<!-- \/module text --><!-- module text -->\n<div  class=\"module module-text tb_5isi224   \" data-lazy=\"1\" data-parallax-element-speed=\"2\" data-lax-translate-y=\"vh 1,0 -140\" data-lax=\"true\">\n        <div  class=\"tb_text_wrap\">\n        <p>Haar oorspronkelijke debuutboek <em>Nice Doing Business with You Ma&#8217;am<\/em> is klaar voor publicatie. Het heeft meer dan 20 jaar geduurd voordat het boek nu te koop is. Jaren geleden \u2013 tussen twee banen door \u2013 begon Annelies met het schrijven van een biografie over haar eigen ervaringen in de internationale financi\u00eble wereld, met name haar omgang met mannen. Ze werd aangemoedigd door haar voormalige PA en een zakenvriendin. Al snel kreeg zij een nieuwe baan, waarbij ze elke dag naar verschillende landen in Europa reisde en vloog. Er was geen tijd meer om het boek te bewerken en af te maken. Toen ze tien jaar later bij een andere werkgever kwam werken, werd ze enigszins beperkt in het publiceren van dit boek, omdat men de inhoud graag zou willen lezen en waar nodig bewerken. Voor een korte periode gaf zij de pijp aan Maarten. Niet veel later pakte zij het schrijven opnieuw op met de<em> Jessie Golden Serie<\/em>. Toen het eerste deel in deze serie <em>Quest to the Unknown<\/em>\u00a0gepubliceerd werd, gebeurde er iets merkwaardigs. Een aantal mannen met wie Annelies had gewerkt, had gehoord dat zij een boek had gepubliceerd. Denkend dat het hier om haar biografie ging die haar ervaringen in de financi\u00eble wereld beschreef, eisten zij te weten wat er over hen in het boek stond geschreven. Toen zij hoorden dat het een ander boek betrof, waren zij erg opgelucht. Het zette haar echter wel aan het denken. Na een advocaat te hebben gesproken, besloot zij de inhoud van het boek te veranderen: de biografie werd een fictie verhaal, ge\u00efnspireerd door haar eigen ervaringen en die van anderen. Er verstreken weer heel wat jaren waarin zij het boek herschreef. Opnieuw waren twee andere werkgevers niet zo enthousiast over het feit dat het boek de specifieke financi\u00eble sector waarin Annelies werkte zou blootleggen, ook al was het in fictie geschreven. Nu ze zich ori\u00ebnteert op haar toekomstige carri\u00e8re is het moment eindelijk daar om haar feitelijke allereerste werk te publiceren. Het boek is verkrijgbaar in de boekhandel, bol.com en www.boekenbestellen.nl. Via bol.com en Kobo is ook het e-book verkrijgbaar.<\/p>    <\/div>\n<\/div>\n<!-- \/module text -->        <\/div>\n                        <\/div>\n        <\/div>\n                        <div  data-lazy=\"1\" class=\"module_row themify_builder_row tb_7jkp224 tf_w\">\n                        <div class=\"row_inner col_align_middle tb_col_count_3 tf_box tf_rel\">\n                        <div  data-lazy=\"1\" class=\"module_column tb-column col3-1 tb_25je224 first\">\n                    <!-- module text -->\n<div  class=\"module module-text tb_nox7224   \" data-lazy=\"1\" data-parallax-element-speed=\"2\" data-lax-translate-y=\"vh 1,0 -140\" data-lax=\"true\">\n        <div  class=\"tb_text_wrap\">\n        <h2>Annelies over dit boek&#8230;<\/h2>    <\/div>\n<\/div>\n<!-- \/module text --><!-- module text -->\n<div  class=\"module module-text tb_z9n8224   \" data-lazy=\"1\" data-parallax-element-speed=\"2\" data-lax-translate-y=\"vh 1,0 -140\" data-lax=\"true\">\n        <div  class=\"tb_text_wrap\">\n        <p>&#8220;Aanvankelijk was ik niet van plan om dit boek uit te geven. Na zoveel jaar en de overstap naar de <em>Jessie Golden Serie<\/em> was ik erg druk met het schrijven van andere dingen. Toen enkele (jongere) collega&#8217;s en zakenrelaties \u2013 voornamelijk vrouwen \u2013 hoorden van het bestaan van dit boek en de inhoud ervan, drongen ze er bij mij op aan om het af te maken en te publiceren. De overstap naar een andere werkgever maakte het voor mij ook makkelijker om op hun verzoek in te gaan. Ik ben blij dat het er eindelijk is en hoop dat vrouwen zich in mijn boek kunnen herkennen.&#8221;<\/p>    <\/div>\n<\/div>\n<!-- \/module text -->        <\/div>\n                    <div  data-lazy=\"1\" class=\"module_column tb-column col3-1 tb_x2r4224\">\n                    <!-- module image -->\n<div  class=\"module module-image tb_36uq224 image-center   tf_mw\" data-lazy=\"1\" data-lax-translate-y=\"(vh*1) 0,(vh*0) 70\" data-lax=\"true\">\n        <div class=\"image-wrap tf_rel tf_mw\">\n            <img loading=\"lazy\" decoding=\"async\" src=\"https:\/\/www.anneliesgeorge.com\/wp-content\/uploads\/2023\/08\/IMG_20230728_230023-784x1024-362x465.jpg\" width=\"362\" height=\"465\" class=\"wp-post-image wp-image-12725\" title=\"IMG_20230728_230023\" alt=\"IMG_20230728_230023\">    \n        <\/div>\n    <!-- \/image-wrap -->\n    \n        <\/div>\n<!-- \/module image -->        <\/div>\n                    <div  data-lazy=\"1\" class=\"module_column tb-column col3-1 tb_ednv225 last\">\n                    <!-- module image -->\n<div  class=\"module module-image tb_4wk2225 image-top   tf_mw\" data-lazy=\"1\" data-parallax-element-speed=\"3\" data-lax-translate-y=\"vh 1,0 -180\" data-lax=\"true\">\n        <div class=\"image-wrap tf_rel tf_mw\">\n            <img loading=\"lazy\" decoding=\"async\" src=\"https:\/\/www.anneliesgeorge.com\/wp-content\/uploads\/2023\/08\/Nice-Doing-Business-With-You-Maam_ebook-1-706x1024-305x437.jpg\" width=\"305\" height=\"437\" class=\"wp-post-image wp-image-12743\" title=\"Nice Doing Business With You Ma\u2019am_ebook\" alt=\"Nice Doing Business With You Ma\u2019am_ebook\">    \n        <\/div>\n    <!-- \/image-wrap -->\n    \n        <\/div>\n<!-- \/module image --><!-- module text -->\n<div  class=\"module module-text tb_xi85225   \" data-lazy=\"1\" data-parallax-element-speed=\"2\" data-lax-translate-y=\"vh 1,0 -140\" data-lax=\"true\">\n        <div  class=\"tb_text_wrap\">\n        <h2>Review<\/h2>    <\/div>\n<\/div>\n<!-- \/module text --><!-- module text -->\n<div  class=\"module module-text tb_gk9j225   \" data-lazy=\"1\" data-parallax-element-speed=\"2\" data-lax-translate-y=\"vh 1,0 -140\" data-lax=\"true\">\n        <div  class=\"tb_text_wrap\">\n        <p>&#8220;Vlot geschreven en makkelijk te lezen boek. Ik heb het met genoegen gelezen.&#8221;<\/p>\n<p>Han Mouton, CFO Johan Cruijff Arena<\/p>    <\/div>\n<\/div>\n<!-- \/module text -->        <\/div>\n                        <\/div>\n        <\/div>\n                        <div  data-lazy=\"1\" class=\"module_row themify_builder_row tb_izz9225 tf_w\">\n                        <div class=\"row_inner col_align_middle tb_col_count_2 tf_box tf_rel\">\n                        <div  data-lazy=\"1\" class=\"module_column tb-column col3-2 tb_e9s7225 first\">\n                    <!-- module image -->\n<div  class=\"module module-image tb_542r225 image-top   tf_mw\" data-lazy=\"1\" data-parallax-element-speed=\"1\" data-lax-translate-y=\"vh 1,0 -70\" data-lax=\"true\">\n        <div class=\"image-wrap tf_rel tf_mw\">\n            <img loading=\"lazy\" decoding=\"async\" src=\"https:\/\/www.anneliesgeorge.com\/wp-content\/uploads\/2023\/08\/20230721_Annelies-0445-1024x683-760x560.jpg\" width=\"760\" height=\"560\" class=\"wp-post-image wp-image-12777\" title=\"20230721_Annelies-0445\" alt=\"20230721_Annelies-0445\">    \n        <\/div>\n    <!-- \/image-wrap -->\n    \n        <\/div>\n<!-- \/module image -->        <\/div>\n                    <div  data-lazy=\"1\" class=\"module_column tb-column col3-1 tb_2f7g225 last\">\n                    <!-- module text -->\n<div  class=\"module module-text tb_5s4y225   \" data-lazy=\"1\" data-parallax-element-speed=\"2\" data-lax-translate-y=\"vh 1,0 -140\" data-lax=\"true\">\n        <div  class=\"tb_text_wrap\">\n        <h2> Nice Doing Business With You Ma&#8217;am<\/h2>    <\/div>\n<\/div>\n<!-- \/module text --><!-- module text -->\n<div  class=\"module module-text tb_yc8r225   \" data-lazy=\"1\" data-parallax-element-speed=\"2\" data-lax-translate-y=\"vh 1,0 -140\" data-lax=\"true\">\n        <div  class=\"tb_text_wrap\">\n        <p><em>Nice Doing Business with You Ma&#8217;am<\/em> vertelt het verhaal van de 26-jarige Lisa Simon als ze de wereld van snel geld betreedt na een verhuizing naar een nieuwe stad. Als &#8216;groentje&#8217; moet zij zich als \u00e9\u00e9n van de weinige vrouwen bewijzen en staande houden in een door mannen gedomineerde wereld en dat valt af en toe niet mee. Gesteund door haar partner, Jack, vindt zij haar weg in de slangenkuil van afgunst, seksuele intimidatie, #MeToo situaties, verleiding en bedrog. Iedere dag valt er wel iets nieuws te beleven. Haar interactie met mannen zorgt van tijd tot tijd voor hilarische momenten maar ook vrouwonterende dieptepunten. Gesteund door haar collega&#8217;s Ed en Karin, alsook haar zakenvrienden John en Loes ontdekt zij tijdens haar in de lift zittende carri\u00e8re dat eerlijkheid, doorzettingsvermogen, zelfvertrouwen, kennis van zaken en hard werken de sleutel tot haar persoonlijke succes zijn.<\/p>    <\/div>\n<\/div>\n<!-- \/module text -->        <\/div>\n                        <\/div>\n        <\/div>\n        <\/div>\n<!--\/themify_builder_content-->","protected":false},"excerpt":{"rendered":"<p>Eindelijk is het zover!<\/p>\n","protected":false},"author":5,"featured_media":0,"parent":12841,"menu_order":0,"comment_status":"closed","ping_status":"closed","template":"","meta":{"footnotes":""},"tags":[1035,1037,989,1015,995,1039,1041,1003,1043,1045,1047,1049,1051,1053,1055],"yst_prominent_words":[281,411,211,275,269,421,417,413,409,285,277,287,419,427,297,273,271,415,425,423],"class_list":["post-12947","page","type-page","status-publish","hentry","tag-a-whisper-of-thoughts-nl","tag-annelies-nl","tag-annelies-george-nl","tag-anneliesgeorge-nl","tag-author-annelies-george-nl","tag-learn-nl","tag-mystic-nl","tag-non-fiction-nl","tag-original-self-nl","tag-other-side-nl","tag-paranormal-nl","tag-quotes-nl","tag-reflections-nl","tag-supernatural-nl","tag-wisdom-nl","has-post-title","has-post-date","has-post-category","has-post-tag","has-post-comment","has-post-author",""],"builder_content":"\n<img src=\"https:\/\/www.anneliesgeorge.com\/wp-content\/uploads\/2023\/08\/20230721_Annelies-0457.jpg\" title=\"20230721_Annelies-0457\" alt=\"20230721_Annelies-0457\" srcset=\"https:\/\/www.anneliesgeorge.com\/wp-content\/uploads\/2023\/08\/20230721_Annelies-0457.jpg 1707w, https:\/\/www.anneliesgeorge.com\/wp-content\/uploads\/2023\/08\/20230721_Annelies-0457-200x300.jpg 200w, https:\/\/www.anneliesgeorge.com\/wp-content\/uploads\/2023\/08\/20230721_Annelies-0457-683x1024.jpg 683w, https:\/\/www.anneliesgeorge.com\/wp-content\/uploads\/2023\/08\/20230721_Annelies-0457-768x1152.jpg 768w, https:\/\/www.anneliesgeorge.com\/wp-content\/uploads\/2023\/08\/20230721_Annelies-0457-1024x1536.jpg 1024w, https:\/\/www.anneliesgeorge.com\/wp-content\/uploads\/2023\/08\/20230721_Annelies-0457-1366x2048.jpg 1366w\" sizes=\"(max-width: 1707px) 100vw, 1707px\" \/>\n<h2>Eindelijk is het zover!<\/h2>\n<p>Haar oorspronkelijke debuutboek <em>Nice Doing Business with You Ma'am<\/em> is klaar voor publicatie. Het heeft meer dan 20 jaar geduurd voordat het boek nu te koop is. Jaren geleden \u2013 tussen twee banen door \u2013 begon Annelies met het schrijven van een biografie over haar eigen ervaringen in de internationale financi\u00eble wereld, met name haar omgang met mannen. Ze werd aangemoedigd door haar voormalige PA en een zakenvriendin. Al snel kreeg zij een nieuwe baan, waarbij ze elke dag naar verschillende landen in Europa reisde en vloog. Er was geen tijd meer om het boek te bewerken en af te maken. Toen ze tien jaar later bij een andere werkgever kwam werken, werd ze enigszins beperkt in het publiceren van dit boek, omdat men de inhoud graag zou willen lezen en waar nodig bewerken. Voor een korte periode gaf zij de pijp aan Maarten. Niet veel later pakte zij het schrijven opnieuw op met de<em> Jessie Golden Serie<\/em>. Toen het eerste deel in deze serie <em>Quest to the Unknown<\/em>\u00a0gepubliceerd werd, gebeurde er iets merkwaardigs. Een aantal mannen met wie Annelies had gewerkt, had gehoord dat zij een boek had gepubliceerd. Denkend dat het hier om haar biografie ging die haar ervaringen in de financi\u00eble wereld beschreef, eisten zij te weten wat er over hen in het boek stond geschreven. Toen zij hoorden dat het een ander boek betrof, waren zij erg opgelucht. Het zette haar echter wel aan het denken. Na een advocaat te hebben gesproken, besloot zij de inhoud van het boek te veranderen: de biografie werd een fictie verhaal, ge\u00efnspireerd door haar eigen ervaringen en die van anderen. Er verstreken weer heel wat jaren waarin zij het boek herschreef. Opnieuw waren twee andere werkgevers niet zo enthousiast over het feit dat het boek de specifieke financi\u00eble sector waarin Annelies werkte zou blootleggen, ook al was het in fictie geschreven. Nu ze zich ori\u00ebnteert op haar toekomstige carri\u00e8re is het moment eindelijk daar om haar feitelijke allereerste werk te publiceren. Het boek is verkrijgbaar in de boekhandel, bol.com en www.boekenbestellen.nl. Via bol.com en Kobo is ook het e-book verkrijgbaar.<\/p>\n<h2>Annelies over dit boek...<\/h2>\n<p>\"Aanvankelijk was ik niet van plan om dit boek uit te geven. Na zoveel jaar en de overstap naar de <em>Jessie Golden Serie<\/em> was ik erg druk met het schrijven van andere dingen. Toen enkele (jongere) collega's en zakenrelaties \u2013 voornamelijk vrouwen \u2013 hoorden van het bestaan van dit boek en de inhoud ervan, drongen ze er bij mij op aan om het af te maken en te publiceren. De overstap naar een andere werkgever maakte het voor mij ook makkelijker om op hun verzoek in te gaan. Ik ben blij dat het er eindelijk is en hoop dat vrouwen zich in mijn boek kunnen herkennen.\"<\/p>\n<img src=\"https:\/\/www.anneliesgeorge.com\/wp-content\/uploads\/2023\/08\/IMG_20230728_230023-784x1024-362x465.jpg\" width=\"362\" height=\"465\" title=\"IMG_20230728_230023\" alt=\"IMG_20230728_230023\">\n<img src=\"https:\/\/www.anneliesgeorge.com\/wp-content\/uploads\/2023\/08\/Nice-Doing-Business-With-You-Maam_ebook-1-706x1024-305x437.jpg\" width=\"305\" height=\"437\" title=\"Nice Doing Business With You Ma\u2019am_ebook\" alt=\"Nice Doing Business With You Ma\u2019am_ebook\">\n<h2>Review<\/h2>\n<p>\"Vlot geschreven en makkelijk te lezen boek. Ik heb het met genoegen gelezen.\"<\/p> <p>Han Mouton, CFO Johan Cruijff Arena<\/p>\n<img src=\"https:\/\/www.anneliesgeorge.com\/wp-content\/uploads\/2023\/08\/20230721_Annelies-0445-1024x683-760x560.jpg\" width=\"760\" height=\"560\" title=\"20230721_Annelies-0445\" alt=\"20230721_Annelies-0445\">\n<h2> Nice Doing Business With You Ma'am<\/h2>\n<p><em>Nice Doing Business with You Ma'am<\/em> vertelt het verhaal van de 26-jarige Lisa Simon als ze de wereld van snel geld betreedt na een verhuizing naar een nieuwe stad. Als 'groentje' moet zij zich als \u00e9\u00e9n van de weinige vrouwen bewijzen en staande houden in een door mannen gedomineerde wereld en dat valt af en toe niet mee. Gesteund door haar partner, Jack, vindt zij haar weg in de slangenkuil van afgunst, seksuele intimidatie, #MeToo situaties, verleiding en bedrog. Iedere dag valt er wel iets nieuws te beleven. Haar interactie met mannen zorgt van tijd tot tijd voor hilarische momenten maar ook vrouwonterende dieptepunten. Gesteund door haar collega's Ed en Karin, alsook haar zakenvrienden John en Loes ontdekt zij tijdens haar in de lift zittende carri\u00e8re dat eerlijkheid, doorzettingsvermogen, zelfvertrouwen, kennis van zaken en hard werken de sleutel tot haar persoonlijke succes zijn.<\/p>","_links":{"self":[{"href":"https:\/\/www.anneliesgeorge.com\/nl\/wp-json\/wp\/v2\/pages\/12947","targetHints":{"allow":["GET"]}}],"collection":[{"href":"https:\/\/www.anneliesgeorge.com\/nl\/wp-json\/wp\/v2\/pages"}],"about":[{"href":"https:\/\/www.anneliesgeorge.com\/nl\/wp-json\/wp\/v2\/types\/page"}],"author":[{"embeddable":true,"href":"https:\/\/www.anneliesgeorge.com\/nl\/wp-json\/wp\/v2\/users\/5"}],"replies":[{"embeddable":true,"href":"https:\/\/www.anneliesgeorge.com\/nl\/wp-json\/wp\/v2\/comments?post=12947"}],"version-history":[{"count":13,"href":"https:\/\/www.anneliesgeorge.com\/nl\/wp-json\/wp\/v2\/pages\/12947\/revisions"}],"predecessor-version":[{"id":13755,"href":"https:\/\/www.anneliesgeorge.com\/nl\/wp-json\/wp\/v2\/pages\/12947\/revisions\/13755"}],"up":[{"embeddable":true,"href":"https:\/\/www.anneliesgeorge.com\/nl\/wp-json\/wp\/v2\/pages\/12841"}],"wp:attachment":[{"href":"https:\/\/www.anneliesgeorge.com\/nl\/wp-json\/wp\/v2\/media?parent=12947"}],"wp:term":[{"taxonomy":"post_tag","embeddable":true,"href":"https:\/\/www.anneliesgeorge.com\/nl\/wp-json\/wp\/v2\/tags?post=12947"},{"taxonomy":"yst_prominent_words","embeddable":true,"href":"https:\/\/www.anneliesgeorge.com\/nl\/wp-json\/wp\/v2\/yst_prominent_words?post=12947"}],"curies":[{"name":"wp","href":"https:\/\/api.w.org\/{rel}","templated":true}]}}